{"id":79,"date":"2017-07-18T17:35:06","date_gmt":"2017-07-18T20:35:06","guid":{"rendered":"http:\/\/coreconpe.org.br\/transparencia\/?page_id=79"},"modified":"2024-02-29T12:18:11","modified_gmt":"2024-02-29T15:18:11","slug":"atos-normativos","status":"publish","type":"page","link":"https:\/\/coreconpe.gov.br\/transparencia\/atos-normativos\/","title":{"rendered":"Atos Normativos"},"content":{"rendered":"\n<figure class=\"wp-block-table is-style-regular\"><table><tbody><tr><td>\n<p align=\"center\" style=\"font-size: 16px\"><strong>Delibera\u00e7\u00f5es&nbsp;<\/strong><\/p>\n<\/td><td>\n<p align=\"center\" style=\"font-size: 16px\"><strong>Portarias<\/strong><\/p>\n<\/td><td>\n<p align=\"center\" style=\"font-size: 16px\"><strong>Resolu\u00e7\u00f5es&nbsp;<\/strong><\/p>\n<\/td><\/tr><tr style=\"font-size: 14px\"><td>\n<p align=\"center\"><a href=\"https:\/\/coreconpe.gov.br\/transparencia\/index.php\/deliberacoes-2024\/\" target=\"_blank\" rel=\"noopener\"><strong>2024<\/strong><\/a><\/p>\n<\/td><td>\n<p align=\"center\"><a href=\"https:\/\/coreconpe.gov.br\/transparencia\/index.php\/portarias-2024\/\"><strong>2024<\/strong><\/a><\/p>\n<\/td><td>\n<p align=\"center\"><a href=\"https:\/\/coreconpe.gov.br\/transparencia\/resolucoes-2024\/\"><strong>2024<\/strong><\/a><\/p>\n<\/td><\/tr><tr style=\"font-size: 14px\"><td>\n<p align=\"center\"><a href=\"https:\/\/coreconpe.gov.br\/transparencia\/index.php\/deliberacoes-2023\/\" target=\"_blank\" rel=\"noopener\"><strong>2023<\/strong><\/a><\/p>\n<\/td><td>\n<p align=\"center\"><a href=\"https:\/\/coreconpe.gov.br\/transparencia\/index.php\/portarias-2023\/\"><strong>2023<\/strong><\/a><\/p>\n<\/td><td>\n<p align=\"center\"><a href=\"https:\/\/coreconpe.gov.br\/transparencia\/?page_id=2153\"><strong>2023<\/strong><\/a><\/p>\n<\/td><\/tr><tr style=\"font-size: 14px\"><td>\n<p align=\"center\"><a href=\"https:\/\/coreconpe.gov.br\/transparencia\/index.php\/deliberacoes-2022\/\" target=\"_blank\" rel=\"noopener\"><strong>2022<\/strong><\/a><\/p>\n<\/td><td>\n<p align=\"center\"><a href=\"https:\/\/coreconpe.gov.br\/transparencia\/index.php\/portarias-2022\/\"><strong>2022<\/strong><\/a><\/p>\n<\/td><td>\n<p align=\"center\"><a href=\"https:\/\/coreconpe.gov.br\/transparencia\/?page_id=1757\"><strong>2022<\/strong><\/a><\/p>\n<\/td><\/tr><tr style=\"font-size: 14px\"><td>\n<p align=\"center\"><a href=\"https:\/\/coreconpe.gov.br\/transparencia\/index.php\/deliberacoes-2021\/\" target=\"_blank\" rel=\"noopener\"><strong>2021<\/strong><\/a><\/p>\n<\/td><td>\n<p align=\"center\"><a href=\"https:\/\/coreconpe.gov.br\/transparencia\/index.php\/portarias-2021\/\"><strong>2021<\/strong><\/a><\/p>\n<\/td><td>\n<p align=\"center\"><a href=\"https:\/\/coreconpe.gov.br\/transparencia\/index.php\/resolucoes-2021\/\"><strong>2021<\/strong><\/a><\/p>\n<\/td><\/tr><tr style=\"font-size: 14px\"><td>\n<p align=\"center\"><a href=\"http:\/\/coreconpe.gov.br\/transparencia\/index.php\/deliberacoes-2020\/\"><strong>2020<\/strong><\/a><\/p>\n<\/td><td>\n<p align=\"center\"><a href=\"http:\/\/coreconpe.gov.br\/transparencia\/index.php\/portarias-2020\/\"><strong>2020<\/strong><\/a><\/p>\n<\/td><td>\n<p align=\"center\"><a href=\"http:\/\/coreconpe.gov.br\/transparencia\/index.php\/resolucoes-2020\"><strong>2020<\/strong><\/a><\/p>\n<\/td><\/tr><tr style=\"font-size: 14px\"><td>\n<p align=\"center\"><a href=\"http:\/\/coreconpe.gov.br\/transparencia\/index.php\/deliberacoes-2019\/\"><strong>2019<\/strong><\/a><\/p>\n<\/td><td>\n<p align=\"center\"><a href=\"http:\/\/coreconpe.gov.br\/transparencia\/index.php\/portarias-2019\/\"><strong>2019<\/strong><\/a><\/p>\n<\/td><td>\n<p align=\"center\"><a href=\"http:\/\/coreconpe.gov.br\/transparencia\/index.php\/resolucoes-2019\"><strong>2019<\/strong><\/a><\/p>\n<\/td><\/tr><tr style=\"font-size: 14px\"><td>\n<p align=\"center\"><a href=\"http:\/\/coreconpe.gov.br\/transparencia\/index.php\/deliberacoes-2018\/\"><strong>2018<\/strong><\/a><\/p>\n<\/td><td>\n<p align=\"center\"><a href=\"http:\/\/coreconpe.gov.br\/transparencia\/index.php\/portarias-2018\/\"><strong>2018<\/strong><\/a><\/p>\n<\/td><td>\n<p align=\"center\"><a href=\"http:\/\/coreconpe.gov.br\/transparencia\/index.php\/resolucoes-2018\"><strong>2018<\/strong><\/a><\/p>\n<\/td><\/tr><tr style=\"font-size: 14px\"><td>\n<p align=\"center\"><a href=\"http:\/\/coreconpe.gov.br\/transparencia\/index.php\/deliberacoes-2017\/\"><strong>2017<\/strong><\/a><\/p>\n<\/td><td>\n<p align=\"center\"><a href=\"http:\/\/coreconpe.gov.br\/transparencia\/index.php\/portarias-2017\/\"><strong>2017<\/strong><\/a><\/p>\n<\/td><td>\n<p align=\"center\"><a href=\"http:\/\/coreconpe.gov.br\/transparencia\/index.php\/resolucoes-2017\"><strong>2017<\/strong><\/a><\/p>\n<\/td><\/tr><tr style=\"font-size: 14px\"><td>\n<p align=\"center\"><a href=\"http:\/\/coreconpe.gov.br\/transparencia\/index.php\/deliberacoes-2016\/\"><strong>2016<\/strong><\/a><\/p>\n<\/td><td>\n<p align=\"center\"><a href=\"http:\/\/coreconpe.gov.br\/transparencia\/index.php\/2017\/07\/18\/portarias-2016\/\"><strong>2016<\/strong><\/a><\/p>\n<\/td><td>\n<p align=\"center\"><a href=\"http:\/\/coreconpe.gov.br\/transparencia\/index.php\/resolucoes-2016\/\"><strong>2016<\/strong><\/a><\/p>\n<\/td><\/tr><tr style=\"font-size: 14px\"><td>\n<p align=\"center\"><strong>2015<\/strong><\/p>\n<\/td><td>\n<p align=\"center\"><a href=\"http:\/\/coreconpe.gov.br\/transparencia\/index.php\/portarias-2015\/\"><strong>2015<\/strong><\/a><\/p>\n<\/td><td>\n<p align=\"center\"><a href=\"http:\/\/coreconpe.gov.br\/transparencia\/index.php\/resolucoes-2015\/\"><strong>2015<\/strong><\/a><\/p>\n<\/td><\/tr><tr style=\"font-size: 14px\"><td>\n<p align=\"center\"><a href=\"http:\/\/coreconpe.gov.br\/transparencia\/index.php\/deliberacoes-2014\/\"><strong>2014<\/strong><\/a><\/p>\n<\/td><td>\n<p align=\"center\"><a href=\"http:\/\/coreconpe.gov.br\/transparencia\/index.php\/portarias-2014\/\"><strong>2014<\/strong><\/a><\/p>\n<\/td><td>\n<p align=\"center\"><a href=\"http:\/\/coreconpe.gov.br\/transparencia\/index.php\/resolucoes-2014\/\"><strong>2014<\/strong><\/a><\/p>\n<\/td><\/tr><tr style=\"font-size: 14px\"><td>\n<p align=\"center\"><a href=\"http:\/\/coreconpe.gov.br\/transparencia\/index.php\/deliberacoes-2013\/\"><strong>2013<\/strong><\/a><\/p>\n<\/td><td>\n<p align=\"center\"><a href=\"http:\/\/coreconpe.gov.br\/transparencia\/index.php\/portarias-2013\/\"><strong>2013<\/strong><\/a><\/p>\n<\/td><td>\n<p align=\"center\"><a href=\"http:\/\/coreconpe.gov.br\/transparencia\/index.php\/resolucoes-2013\/\"><strong>2013<\/strong><\/a><\/p>\n<\/td><\/tr><\/tbody><\/table><\/figure>\n\n\n\n<p><\/p>\n","protected":false},"excerpt":{"rendered":"<p>Delibera\u00e7\u00f5es&nbsp; Portarias Resolu\u00e7\u00f5es&nbsp; 2024 2024 2024 2023 2023 2023 2022 2022 2022 2021 2021 2021 2020 2020 2020 2019 2019 2019 2018 2018 2018 2017 2017 2017 2016 2016 2016 2015 2015 2015 2014 2014 2014 2013 2013 2013<\/p>\n","protected":false},"author":1,"featured_media":0,"parent":0,"menu_order":0,"comment_status":"closed","ping_status":"closed","template":"","meta":{"om_disable_all_campaigns":false,"_monsterinsights_skip_tracking":false,"_monsterinsights_sitenote_active":false,"_monsterinsights_sitenote_note":"","_monsterinsights_sitenote_category":0,"footnotes":""},"class_list":["post-79","page","type-page","status-publish","hentry"],"aioseo_notices":[],"_links":{"self":[{"href":"https:\/\/coreconpe.gov.br\/transparencia\/wp-json\/wp\/v2\/pages\/79","targetHints":{"allow":["GET"]}}],"collection":[{"href":"https:\/\/coreconpe.gov.br\/transparencia\/wp-json\/wp\/v2\/pages"}],"about":[{"href":"https:\/\/coreconpe.gov.br\/transparencia\/wp-json\/wp\/v2\/types\/page"}],"author":[{"embeddable":true,"href":"https:\/\/coreconpe.gov.br\/transparencia\/wp-json\/wp\/v2\/users\/1"}],"replies":[{"embeddable":true,"href":"https:\/\/coreconpe.gov.br\/transparencia\/wp-json\/wp\/v2\/comments?post=79"}],"version-history":[{"count":51,"href":"https:\/\/coreconpe.gov.br\/transparencia\/wp-json\/wp\/v2\/pages\/79\/revisions"}],"predecessor-version":[{"id":2438,"href":"https:\/\/coreconpe.gov.br\/transparencia\/wp-json\/wp\/v2\/pages\/79\/revisions\/2438"}],"wp:attachment":[{"href":"https:\/\/coreconpe.gov.br\/transparencia\/wp-json\/wp\/v2\/media?parent=79"}],"curies":[{"name":"wp","href":"https:\/\/api.w.org\/{rel}","templated":true}]}}