{"id":654,"date":"2018-04-26T14:04:44","date_gmt":"2018-04-26T17:04:44","guid":{"rendered":"https:\/\/coreconpe.gov.br\/transparencia\/?page_id=654"},"modified":"2018-04-27T13:52:59","modified_gmt":"2018-04-27T16:52:59","slug":"reforma-corecon-pe","status":"publish","type":"page","link":"https:\/\/coreconpe.gov.br\/transparencia\/reforma-corecon-pe\/","title":{"rendered":"Carta Convite &#8211; Reforma Corecon-PE"},"content":{"rendered":"<p><a href=\"https:\/\/coreconpe.gov.br\/uploads\/licitacoes\/reforma\/(1)%20EDITAL.pdf\">EDITAL<\/a><\/p>\n<p><a href=\"https:\/\/coreconpe.gov.br\/uploads\/licitacoes\/reforma\/(2)%20PROJETO%20B%b5SICO.pdf\">PROJETO B\u00c1SICO<\/a><\/p>\n<p><a href=\"https:\/\/coreconpe.gov.br\/uploads\/licitacoes\/reforma\/(3)%20A%20.%20PROJETO%20MEMORIAL%20DESCRITIVO%20DA%20EXECU%80%c7O%20ARQUITET%e2NICA%20DA%20OBRA.pdf\">A . PROJETO MEMORIAL DESCRITIVO DA EXECU\u00c7\u00c3O ARQUITET\u00d4NICA DA OBRA<\/a><\/p>\n<p><a href=\"https:\/\/coreconpe.gov.br\/uploads\/licitacoes\/reforma\/(4)%20B.%20%20Projeto%20Memorial%20Descritivo%20da%20Execucao%20Complementar%20a%20Obra%20%20Especificacoes%20de%20Materiais.pdf\">B. PROJETO MEMORIAL DESCRITIVO DA EXECU\u00c7\u00c3O COMPLEMENTAR A OBRA ESPECIFICA\u00c7\u00d5ES DE MATERIAIS<\/a><\/p>\n<p><a href=\"https:\/\/coreconpe.gov.br\/uploads\/licitacoes\/reforma\/(5)%20C.%20CONSELHO%20DE%20ECONOMIA%20-%20PROJETO%20DE%20ARQUITETURA.pdf\">C. CONSELHO DE ECONOMIA &#8211; PROJETO DE ARQUITETURA<\/a><\/p>\n<p><a href=\"https:\/\/coreconpe.gov.br\/uploads\/licitacoes\/reforma\/(6)%20D.%20CONSLEHO%20DE%20ECONOMIA%20-%20PROJETO%20ELETRICO.pdf\">D. CONSELHO DE ECONOMIA &#8211; PROJETO EL\u00c9TRICO<\/a><\/p>\n<p><a href=\"https:\/\/coreconpe.gov.br\/uploads\/licitacoes\/reforma\/(7)%20E.%20PLANILHA%20OR%80AMENT%b5RIA.pdf\">E. PLANILHA OR\u00c7AMENT\u00c1RIA<\/a><\/p>\n<p><a href=\"https:\/\/coreconpe.gov.br\/uploads\/licitacoes\/reforma\/(8)%20CRONOGRAMA%20DA%20OBRA%20F%d6SICO%20%20FINANCEIRO.pdf\">CRONOGRAMA DA OBRA F\u00cdSICO FINANCEIRO<\/a><\/p>\n<p><a href=\"https:\/\/coreconpe.gov.br\/uploads\/licitacoes\/reforma\/(9)%20ANEXO%20III%20-%20MODELOS.pdf\">ANEXO III &#8211; MODELOS<\/a><\/p>\n<p><a href=\"https:\/\/coreconpe.gov.br\/uploads\/licitacoes\/reforma\/(10)%20ANEXO%20IV%20MINUTA%20DE%20CONTRATO.pdf\">\u00a0ANEXO IV MINUTA DE CONTRATO<\/a><\/p>\n<p><a href=\"https:\/\/coreconpe.gov.br\/uploads\/licitacoes\/reforma\/(11)%20ATA%20DE%20JULGAMENTO%2010.10.2016.pdf\">ATA DE JULGAMENTO 10.10.2016<\/a><\/p>\n<p><a href=\"https:\/\/coreconpe.gov.br\/uploads\/licitacoes\/reforma\/(12)%20ATA%20DE%20JULGAMENTO%2028.09.2016.pdf\">ATA DE JULGAMENTO 28.09.2016<\/a><\/p>\n<p><a href=\"https:\/\/coreconpe.gov.br\/uploads\/licitacoes\/reforma\/(13)%20TERMO%20DE%20ADJUDICA%80%c7O.pdf\">TERMO DE ADJUDICA\u00c7\u00c3O<\/a><\/p>\n<p><a href=\"https:\/\/coreconpe.gov.br\/uploads\/licitacoes\/reforma\/(14)%20CONTRATO%20REFORMA.pdf\">CONTRATO REFORMA<\/a><\/p>\n","protected":false},"excerpt":{"rendered":"<p>EDITAL PROJETO B\u00c1SICO A . PROJETO MEMORIAL DESCRITIVO DA EXECU\u00c7\u00c3O ARQUITET\u00d4NICA DA OBRA B. PROJETO MEMORIAL DESCRITIVO DA EXECU\u00c7\u00c3O COMPLEMENTAR A OBRA ESPECIFICA\u00c7\u00d5ES DE MATERIAIS C. CONSELHO DE ECONOMIA &#8211; PROJETO DE ARQUITETURA D. CONSELHO DE ECONOMIA &#8211; PROJETO EL\u00c9TRICO E. PLANILHA OR\u00c7AMENT\u00c1RIA CRONOGRAMA DA OBRA F\u00cdSICO FINANCEIRO ANEXO III &#8211; MODELOS \u00a0ANEXO IV MINUTA &hellip; <a href=\"https:\/\/coreconpe.gov.br\/transparencia\/reforma-corecon-pe\/\" class=\"more-link\">Continue reading <span class=\"screen-reader-text\">Carta Convite &#8211; Reforma Corecon-PE<\/span><\/a><\/p>\n","protected":false},"author":1,"featured_media":0,"parent":0,"menu_order":0,"comment_status":"closed","ping_status":"closed","template":"","meta":{"om_disable_all_campaigns":false,"_monsterinsights_skip_tracking":false,"_monsterinsights_sitenote_active":false,"_monsterinsights_sitenote_note":"","_monsterinsights_sitenote_category":0,"footnotes":""},"class_list":["post-654","page","type-page","status-publish","hentry"],"aioseo_notices":[],"_links":{"self":[{"href":"https:\/\/coreconpe.gov.br\/transparencia\/wp-json\/wp\/v2\/pages\/654","targetHints":{"allow":["GET"]}}],"collection":[{"href":"https:\/\/coreconpe.gov.br\/transparencia\/wp-json\/wp\/v2\/pages"}],"about":[{"href":"https:\/\/coreconpe.gov.br\/transparencia\/wp-json\/wp\/v2\/types\/page"}],"author":[{"embeddable":true,"href":"https:\/\/coreconpe.gov.br\/transparencia\/wp-json\/wp\/v2\/users\/1"}],"replies":[{"embeddable":true,"href":"https:\/\/coreconpe.gov.br\/transparencia\/wp-json\/wp\/v2\/comments?post=654"}],"version-history":[{"count":3,"href":"https:\/\/coreconpe.gov.br\/transparencia\/wp-json\/wp\/v2\/pages\/654\/revisions"}],"predecessor-version":[{"id":664,"href":"https:\/\/coreconpe.gov.br\/transparencia\/wp-json\/wp\/v2\/pages\/654\/revisions\/664"}],"wp:attachment":[{"href":"https:\/\/coreconpe.gov.br\/transparencia\/wp-json\/wp\/v2\/media?parent=654"}],"curies":[{"name":"wp","href":"https:\/\/api.w.org\/{rel}","templated":true}]}}