{"id":614,"date":"2018-04-23T11:19:30","date_gmt":"2018-04-23T14:19:30","guid":{"rendered":"https:\/\/coreconpe.gov.br\/transparencia\/?page_id=614"},"modified":"2023-11-22T13:23:23","modified_gmt":"2023-11-22T16:23:23","slug":"relacao-de-bens","status":"publish","type":"page","link":"https:\/\/coreconpe.gov.br\/transparencia\/relacao-de-bens\/","title":{"rendered":"Rela\u00e7\u00e3o de Bens"},"content":{"rendered":"\n<p><span style=\"font-size: 24pt;\"><strong>2023<\/strong><\/span><\/p>\n\n<p><a href=\"https:\/\/coreconpe.gov.br\/transparencia\/wp-content\/uploads\/2023\/relacao_de_bens\/RelacaodeBensPatrimoniaisate31032023.pdf\">Rela\u00e7\u00e3o de Bens Patrimoniais &#8211; at\u00e9 31.03.2023<\/a><\/p>\n\n<p><a href=\"https:\/\/coreconpe.gov.br\/transparencia\/wp-content\/uploads\/2023\/relacao_de_bens\/Rela\u00e7\u00e3o de Bens Patrimoniais \u2013 at\u00e9 30.06.2023.pdf\">Rela\u00e7\u00e3o de Bens Patrimoniais &#8211; at\u00e9 30.06.2023<\/a><\/p>\n\n<p><a href=\"https:\/\/coreconpe.gov.br\/transparencia\/wp-content\/uploads\/2023\/relacao_de_bens\/34. Rela\u00e7\u00e3o de Bens - At\u00e9 30.09.2023.pdf\">Rela\u00e7\u00e3o de Bens Patrimoniais \u2013 at\u00e9 30.09.2023<\/a><\/p>\n\n<p><span style=\"font-size: 24pt;\"><strong>2022<\/strong><\/span><\/p>\n\n<p><a href=\"https:\/\/coreconpe.gov.br\/transparencia\/wp-content\/uploads\/2022\/relacao_de_bens\/Rela\u00e7\u00e3o_de_Bens_Patrimoniais_at\u00e9_31_03_2022.pdf\">Rela\u00e7\u00e3o de Bens Patrimoniais \u2013 at\u00e9 31.03.2022<\/a><\/p>\n\n<p><a href=\"https:\/\/coreconpe.gov.br\/transparencia\/wp-content\/uploads\/2022\/relacao_de_bens\/Rela\u00e7\u00e3odeBensPatrimoniaisat\u00e9 31.06.2022.pdf\">Rela\u00e7\u00e3o de Bens Patrimoniais \u2013 at\u00e9 30.06.2022<\/a><\/p>\n\n<p><a href=\"https:\/\/coreconpe.gov.br\/transparencia\/wp-content\/uploads\/2022\/relacao_de_bens\/RelacadeBensPatrimoniaisate30092022.pdf\">Rela\u00e7\u00e3o de Bens Patrimoniais &#8211; at\u00e9 30.09.2022<\/a><\/p>\n\n<p><a href=\"https:\/\/coreconpe.gov.br\/transparencia\/wp-content\/uploads\/2022\/relacao_de_bens\/imobiliario2022.pdf\">Rela\u00e7\u00e3o de Bens Patrimoniais &#8211; at\u00e9 31.12.2022<\/a><\/p>\n\n\n\n<p><\/p>\n\n\n\n<p><span style=\"font-size: 24pt;\"><strong>2021<\/strong><\/span><\/p>\n\n<p><a href=\"https:\/\/coreconpe.gov.br\/transparencia\/wp-content\/uploads\/2021\/relacao_de_bens\/relacao_de_bens_patrimoniais_ate_31_03_2021.pdf\">Rela\u00e7\u00e3o de Bens Patrimoniais \u2013 at\u00e9 31.03.2021<\/a><\/p>\n\n<p><a href=\"https:\/\/coreconpe.gov.br\/transparencia\/wp-content\/uploads\/2021\/relacao_de_bens\/Rela\u00e7\u00e3o_de_Bens_Patrimoniais_at\u00e9_30_06_2021.pdf\">Rela\u00e7\u00e3o de Bens Patrimoniais \u2013 at\u00e9 30.06.2021<\/a><\/p>\n\n<p><a href=\"https:\/\/coreconpe.gov.br\/transparencia\/wp-content\/uploads\/2021\/relacao_de_bens\/Rela\u00e7\u00e3o_de_Bens_Patrimoniais_at\u00e9_ 30_09_2021.pdf\">Rela\u00e7\u00e3o de Bens Patrimoniais \u2013 at\u00e9 30.09.2021<\/a><\/p>\n\n<p><a href=\"https:\/\/coreconpe.gov.br\/transparencia\/wp-content\/uploads\/2021\/relacao_de_bens\/Rela\u00e7\u00e3o_de_Bens_Patrimoniais_at\u00e9_31_12_2021.pdf\">Rela\u00e7\u00e3o de Bens Patrimoniais \u2013 at\u00e9 31.12.2021<\/a><\/p>\n\n\n\n<p><span style=\"font-size: 24pt;\"><strong>2020<\/strong><\/span><\/p>\n\n<p><a href=\"https:\/\/coreconpe.gov.br\/transparencia\/wp-content\/uploads\/2020\/relacao_de_bens\/relacao_de_bens_patrimoniais_ate_30_06_2020.pdf\">Rela\u00e7\u00e3o de Bens Patrimoniais \u2013 at\u00e9 30.06.2020<\/a><\/p>\n\n<p><a href=\"https:\/\/coreconpe.gov.br\/transparencia\/wp-content\/uploads\/2020\/relacao_de_bens\/relacao_de_bens_patrimoniais_ate_30_09_2020.pdf\">Rela\u00e7\u00e3o de Bens Patrimoniais \u2013 at\u00e9 30.09.2020<\/a><\/p>\n\n<p><a href=\"https:\/\/coreconpe.gov.br\/transparencia\/wp-content\/uploads\/2020\/relacao_de_bens\/relacao_de_bens_patrimoniais_ate_31_12_2020.pdf\">Rela\u00e7\u00e3o de Bens Patrimoniais &#8211; at\u00e9 31.12.2020<\/a><\/p>\n\n\n\n<p><span style=\"font-size: 24pt;\"><strong>2019<\/strong><\/span><\/p>\n<p><a href=\"https:\/\/coreconpe.gov.br\/transparencia\/wp-content\/uploads\/2018\/04\/Rela\u00e7\u00e3o-de-Bens-Patrimoniais-at\u00e9-31.03.2019.pdf\">Rela\u00e7\u00e3o de Bens Patrimoniais &#8211; at\u00e9 31.03.2019<\/a><\/p>\n<p><a href=\"https:\/\/coreconpe.gov.br\/transparencia\/wp-content\/uploads\/2018\/04\/Relacao-de-Bens-Patrimoniais-ate-30.06.2019.pdf\">Rela\u00e7\u00e3o de Bens Patrimoniais &#8211; at\u00e9 30.06.2019<\/a><\/p>\n<p><a href=\"https:\/\/coreconpe.gov.br\/transparencia\/wp-content\/uploads\/2018\/04\/relacao_de_bens_patrimoniais_ate_30_09_2019.pdf\">Rela\u00e7\u00e3o de Bens Patrimoniais &#8211; at\u00e9 30.09.2019<\/a><\/p>\n<p><a href=\"https:\/\/coreconpe.gov.br\/transparencia\/wp-content\/uploads\/2018\/04\/relacao_de_bens_patrimoniais_ate_31_12_2019.pdf\">Rela\u00e7\u00e3o de Bens Patrimoniais \u2013 at\u00e9 31.12.2019<\/a><\/p>\n<p>&nbsp;<\/p>\n<p><span style=\"font-size: 24pt;\"><strong>2018<\/strong><\/span><\/p>\n<p><a href=\"https:\/\/coreconpe.gov.br\/transparencia\/wp-content\/uploads\/2018\/04\/Rela\u00e7\u00e3o-de-Bens-Patrimoniais-at\u00e9-31.03.2018.pdf\">Rela\u00e7\u00e3o de Bens Patrimoniais &#8211; at\u00e9 31.03.2018<\/a><\/p>\n<p><a href=\"https:\/\/coreconpe.gov.br\/transparencia\/wp-content\/uploads\/2018\/04\/Rela\u00e7\u00e3o-de-Bens-Patrimoniais-em-30.06.2018.pdf\">Rela\u00e7\u00e3o de Bens Patrimoniais &#8211; em 30.06.2018<\/a><\/p>\n<p><a href=\"https:\/\/coreconpe.gov.br\/transparencia\/wp-content\/uploads\/2018\/04\/Rela\u00e7\u00e3o-de-Bens-Patrimoniais-at\u00e9-30.09.2018.pdf\">Rela\u00e7\u00e3o de Bens Patrimoniais &#8211; at\u00e9 30.09.2018<\/a><\/p>\n<p><a href=\"https:\/\/coreconpe.gov.br\/transparencia\/wp-content\/uploads\/2018\/04\/Rela\u00e7\u00e3o-de-Bens-Patrimoniais-at\u00e9-31.12.2018.pdf\">Rela\u00e7\u00e3o de Bens Patrimoniais &#8211; at\u00e9 31.12.2018<\/a><\/p>\n<p>&nbsp;<\/p>\n<p><span style=\"font-size: 24pt;\"><strong>2017<\/strong><\/span><\/p>\n<p><a href=\"https:\/\/coreconpe.gov.br\/uploads\/Rela%C3%A7%C3%A3o%20de%20Bens%20Patrimoniais%20-%20at%C3%A9%2031.12.2017.pdf\">Rela\u00e7\u00e3o de Bens 2017<\/a><\/p>\n<p><a href=\"https:\/\/coreconpe.gov.br\/uploads\/Bens%20inserv%C3%ADveis%20doados%20em%202017.pdf\">Rela\u00e7\u00e3o de Bens Doados 2017<\/a><\/p>\n","protected":false},"excerpt":{"rendered":"<p>2023 Rela\u00e7\u00e3o de Bens Patrimoniais &#8211; at\u00e9 31.03.2023 Rela\u00e7\u00e3o de Bens Patrimoniais &#8211; at\u00e9 30.06.2023 Rela\u00e7\u00e3o de Bens Patrimoniais \u2013 at\u00e9 30.09.2023 2022 Rela\u00e7\u00e3o de Bens Patrimoniais \u2013 at\u00e9 31.03.2022 Rela\u00e7\u00e3o de Bens Patrimoniais \u2013 at\u00e9 30.06.2022 Rela\u00e7\u00e3o de Bens Patrimoniais &#8211; at\u00e9 30.09.2022 Rela\u00e7\u00e3o de Bens Patrimoniais &#8211; at\u00e9 31.12.2022 2021 Rela\u00e7\u00e3o de Bens &hellip; <a href=\"https:\/\/coreconpe.gov.br\/transparencia\/relacao-de-bens\/\" class=\"more-link\">Continue reading <span class=\"screen-reader-text\">Rela\u00e7\u00e3o de Bens<\/span><\/a><\/p>\n","protected":false},"author":1,"featured_media":0,"parent":0,"menu_order":0,"comment_status":"closed","ping_status":"closed","template":"","meta":{"om_disable_all_campaigns":false,"_monsterinsights_skip_tracking":false,"_monsterinsights_sitenote_active":false,"_monsterinsights_sitenote_note":"","_monsterinsights_sitenote_category":0,"footnotes":""},"class_list":["post-614","page","type-page","status-publish","hentry"],"aioseo_notices":[],"_links":{"self":[{"href":"https:\/\/coreconpe.gov.br\/transparencia\/wp-json\/wp\/v2\/pages\/614","targetHints":{"allow":["GET"]}}],"collection":[{"href":"https:\/\/coreconpe.gov.br\/transparencia\/wp-json\/wp\/v2\/pages"}],"about":[{"href":"https:\/\/coreconpe.gov.br\/transparencia\/wp-json\/wp\/v2\/types\/page"}],"author":[{"embeddable":true,"href":"https:\/\/coreconpe.gov.br\/transparencia\/wp-json\/wp\/v2\/users\/1"}],"replies":[{"embeddable":true,"href":"https:\/\/coreconpe.gov.br\/transparencia\/wp-json\/wp\/v2\/comments?post=614"}],"version-history":[{"count":33,"href":"https:\/\/coreconpe.gov.br\/transparencia\/wp-json\/wp\/v2\/pages\/614\/revisions"}],"predecessor-version":[{"id":2382,"href":"https:\/\/coreconpe.gov.br\/transparencia\/wp-json\/wp\/v2\/pages\/614\/revisions\/2382"}],"wp:attachment":[{"href":"https:\/\/coreconpe.gov.br\/transparencia\/wp-json\/wp\/v2\/media?parent=614"}],"curies":[{"name":"wp","href":"https:\/\/api.w.org\/{rel}","templated":true}]}}