{"id":503,"date":"2017-09-27T14:26:30","date_gmt":"2017-09-27T17:26:30","guid":{"rendered":"http:\/\/coreconpe.gov.br\/transparencia\/?page_id=503"},"modified":"2023-11-22T12:29:27","modified_gmt":"2023-11-22T15:29:27","slug":"empenhos-e-pagamentos","status":"publish","type":"page","link":"https:\/\/coreconpe.gov.br\/transparencia\/empenhos-e-pagamentos\/","title":{"rendered":"Empenhos e Pagamentos"},"content":{"rendered":"<h2><strong>2023<\/strong><\/h2>\n<p><b>Rela\u00e7\u00e3o de Pagamentos contendo favorecido, data, valor, empenho e forma de pagamento.<\/b><\/p>\n<p><b>Anexos<\/b>:<\/p>\n<p><a href=\"https:\/\/coreconpe.gov.br\/transparencia\/wp-content\/uploads\/2023\/Rela\u00e7\u00e3o de Pagamentos 2023 (1).pdf\">Rela\u00e7\u00e3o de Pagamentos 2023<\/a><\/p>\n<p><a href=\"https:\/\/coreconpe.gov.br\/transparencia\/wp-content\/uploads\/2023\/Rela\u00e7\u00e3o de Pagamentos 2023 (1).csv\">Rela\u00e7\u00e3o de Pagamentos 2023.csv<\/a><\/p>\n<h2><strong>2022<\/strong><\/h2>\n<p><b>Rela\u00e7\u00e3o de Pagamentos contendo favorecido, data, valor, empenho e forma de pagamento.<\/b><\/p>\n<p><b>Anexos<\/b>:<\/p>\n<p><a href=\"https:\/\/coreconpe.gov.br\/transparencia\/wp-content\/uploads\/2022\/1RelacaodePagamentos2022.pdf\">Rela\u00e7\u00e3o de Pagamentos 2022<\/a><\/p>\n<h2><strong>2021<\/strong><\/h2>\n<p><b>Rela\u00e7\u00e3o de Pagamentos contendo favorecido, data, valor, empenho e forma de pagamento.<\/b><\/p>\n<p><b>Anexos<\/b>:<\/p>\n<p><a href=\"https:\/\/coreconpe.gov.br\/transparencia\/wp-content\/uploads\/2021\/Rela\u00e7\u00e3o_de_Pagamentos_2021_1.pdf\">Rela\u00e7\u00e3o de Pagamentos 2021<\/a><\/p>\n<h2><strong>2020<\/strong><\/h2>\n<p><b>Rela\u00e7\u00e3o de Pagamentos contendo favorecido, data, valor, empenho e forma de pagamento.<\/b><\/p>\n<p><b>Anexos<\/b>:<\/p>\n<p><a href=\"https:\/\/coreconpe.gov.br\/transparencia\/wp-content\/uploads\/2020\/relacao_de_lancamentos2020.pdf\">Rela\u00e7\u00e3o de Lan\u00e7amentos 2020<\/a><\/p>\n<h2><strong>2019<\/strong><\/h2>\n<p><b>Rela\u00e7\u00e3o de Pagamentos contendo favorecido, data, valor, empenho e forma de pagamento.<\/b><\/p>\n<p><b>Anexos<\/b>:<\/p>\n<p><a href=\"https:\/\/coreconpe.gov.br\/transparencia\/wp-content\/uploads\/2019\/relacao_de_lancamentos_2019_ate_30_09_2020.pdf\">Rela\u00e7\u00e3o de Lan\u00e7amentos 2019 &#8211; At\u00e9 30.09.2020<\/a><\/p>\n<p><a href=\"https:\/\/coreconpe.gov.br\/transparencia\/wp-content\/uploads\/2019\/relacao_de_lancamentos_2019_de_01_10_2019_ate_31_12_2019.pdf\">Rela\u00e7\u00e3o de Lan\u00e7amentos 2019 &#8211; De 01.10.2019 at\u00e9 31.12.2019<\/a><\/p>\n<h2><strong>2018<\/strong><\/h2>\n<p><b>Rela\u00e7\u00e3o de Pagamentos contendo favorecido, data, valor, empenho e forma de pagamento.<\/b><\/p>\n<p><b>Anexos<\/b>:<\/p>\n<p><a href=\"https:\/\/coreconpe.gov.br\/transparencia\/wp-content\/uploads\/2017\/09\/Rela\u00e7\u00e3o-de-Lan\u00e7amentos-2018-1.pdf\">Rela\u00e7\u00e3o de Lan\u00e7amentos 2018<\/a><\/p>\n<h2><strong>2017<\/strong><\/h2>\n<p><b>Rela\u00e7\u00e3o de Pagamentos contendo favorecido, data, valor, empenho e forma de pagamento.<\/b><\/p>\n<p><b>Anexos<\/b>:<\/p>\n<p><a href=\"https:\/\/drive.google.com\/file\/d\/1ZeGPdUfY3ten_liUb9UE6kASxc077iz9\/view\">Rela\u00e7\u00e3o de Lan\u00e7amentos 2017<\/a><\/p>\n<h2><strong>2016<\/strong><\/h2>\n<p><b>Rela\u00e7\u00e3o de Pagamentos contendo favorecido, data, valor, empenho e forma de pagamento.<\/b><\/p>\n<p><b>Anexos<\/b>:<\/p>\n<p><a href=\"http:\/\/coreconpe.gov.br\/transparencia\/wp-content\/uploads\/2017\/09\/Rela\u00e7\u00e3o-de-Lan\u00e7amentos-2016.pdf\">Rela\u00e7\u00e3o de Lan\u00e7amentos 2016<\/a><\/p>\n<h2><strong>2015<\/strong><\/h2>\n<p><b>Rela\u00e7\u00e3o de Pagamentos contendo favorecido, data, valor, empenho e forma de pagamento.<\/b><\/p>\n<p><b>Anexos<\/b>:<\/p>\n<p><a href=\"http:\/\/coreconpe.gov.br\/transparencia\/wp-content\/uploads\/2017\/09\/Rela\u00e7\u00e3o-de-Lan\u00e7amentos-2015.pdf\">Rela\u00e7\u00e3o de Lan\u00e7amentos 2015<\/a><\/p>\n<h2><strong>2014<\/strong><\/h2>\n<p><b>Rela\u00e7\u00e3o de Pagamentos contendo favorecido, data, valor, empenho e forma de pagamento.<\/b><\/p>\n<p><b>Anexos<\/b>:<\/p>\n<p><a href=\"http:\/\/coreconpe.gov.br\/transparencia\/wp-content\/uploads\/2017\/09\/Rela\u00e7\u00e3o-de-Lan\u00e7amentos-2014.pdf\">Rela\u00e7\u00e3o de Lan\u00e7amentos 2014<\/a><\/p>\n<h2><strong>2013<\/strong><\/h2>\n<p><b>Rela\u00e7\u00e3o de Pagamentos contendo favorecido, data, valor, empenho e forma de pagamento.<\/b><\/p>\n<p><b>Anexos<\/b>:<\/p>\n<p><a href=\"http:\/\/coreconpe.gov.br\/transparencia\/wp-content\/uploads\/2017\/09\/Rela\u00e7\u00e3o-de-Lan\u00e7amentos-2013.pdf\">Rela\u00e7\u00e3o de Lan\u00e7amentos 2013<\/a><\/p>\n","protected":false},"excerpt":{"rendered":"<p>2023 Rela\u00e7\u00e3o de Pagamentos contendo favorecido, data, valor, empenho e forma de pagamento. Anexos: Rela\u00e7\u00e3o de Pagamentos 2023 Rela\u00e7\u00e3o de Pagamentos 2023.csv 2022 Rela\u00e7\u00e3o de Pagamentos contendo favorecido, data, valor, empenho e forma de pagamento. Anexos: Rela\u00e7\u00e3o de Pagamentos 2022 2021 Rela\u00e7\u00e3o de Pagamentos contendo favorecido, data, valor, empenho e forma de pagamento. Anexos: Rela\u00e7\u00e3o &hellip; <a href=\"https:\/\/coreconpe.gov.br\/transparencia\/empenhos-e-pagamentos\/\" class=\"more-link\">Continue reading <span class=\"screen-reader-text\">Empenhos e Pagamentos<\/span><\/a><\/p>\n","protected":false},"author":1,"featured_media":0,"parent":0,"menu_order":0,"comment_status":"closed","ping_status":"closed","template":"","meta":{"om_disable_all_campaigns":false,"_monsterinsights_skip_tracking":false,"_monsterinsights_sitenote_active":false,"_monsterinsights_sitenote_note":"","_monsterinsights_sitenote_category":0,"footnotes":""},"class_list":["post-503","page","type-page","status-publish","hentry"],"aioseo_notices":[],"_links":{"self":[{"href":"https:\/\/coreconpe.gov.br\/transparencia\/wp-json\/wp\/v2\/pages\/503","targetHints":{"allow":["GET"]}}],"collection":[{"href":"https:\/\/coreconpe.gov.br\/transparencia\/wp-json\/wp\/v2\/pages"}],"about":[{"href":"https:\/\/coreconpe.gov.br\/transparencia\/wp-json\/wp\/v2\/types\/page"}],"author":[{"embeddable":true,"href":"https:\/\/coreconpe.gov.br\/transparencia\/wp-json\/wp\/v2\/users\/1"}],"replies":[{"embeddable":true,"href":"https:\/\/coreconpe.gov.br\/transparencia\/wp-json\/wp\/v2\/comments?post=503"}],"version-history":[{"count":31,"href":"https:\/\/coreconpe.gov.br\/transparencia\/wp-json\/wp\/v2\/pages\/503\/revisions"}],"predecessor-version":[{"id":2377,"href":"https:\/\/coreconpe.gov.br\/transparencia\/wp-json\/wp\/v2\/pages\/503\/revisions\/2377"}],"wp:attachment":[{"href":"https:\/\/coreconpe.gov.br\/transparencia\/wp-json\/wp\/v2\/media?parent=503"}],"curies":[{"name":"wp","href":"https:\/\/api.w.org\/{rel}","templated":true}]}}