{"id":438,"date":"2017-09-22T15:53:05","date_gmt":"2017-09-22T18:53:05","guid":{"rendered":"http:\/\/coreconpe.gov.br\/transparencia\/?page_id=438"},"modified":"2023-05-16T10:29:08","modified_gmt":"2023-05-16T13:29:08","slug":"relatorio-de-gestao","status":"publish","type":"page","link":"https:\/\/coreconpe.gov.br\/transparencia\/relatorio-de-gestao\/","title":{"rendered":"Relat\u00f3rio de Gest\u00e3o"},"content":{"rendered":"<h3>2022<\/h3>\n<p><a href=\"https:\/\/coreconpe.gov.br\/transparencia\/wp-content\/uploads\/2022\/2022TCU_RelatorioIntegradodeGestao31.03.2023.pdf\">Relat\u00f3rio de Gest\u00e3o \u2013 Ano 2022<\/a><br \/>\nPresidente: Andr\u00e9 Lima de Morais<br \/>\nVice-Presidente: Poema Isis Andrade de Souza<br \/>\n<a href=\"https:\/\/coreconpe.gov.br\/transparencia\/rol-de-responsaveis-2022\/ \">Rol de Respons\u00e1veis<\/a><br \/>\n<a href=\"https:\/\/coreconpe.gov.br\/transparencia\/parecer-do-colegiado-2022\/\">Parecer do Colegiado<\/a><br \/>\n<a href=\"https:\/\/coreconpe.gov.br\/transparencia\/relatorio-de-instancia-ou-area-de-correicao\/\">Relat\u00f3rio de Inst\u00e2ncia ou \u00c1rea de Correi\u00e7\u00e3o<\/a><\/p>\n<h3>2021<\/h3>\n<p><a href=\"https:\/\/coreconpe.gov.br\/transparencia\/wp-content\/uploads\/2021\/2021_TCU_Relat\u00f3rio_Integrado_de_Gest\u00e3o_31_03_2022.pdf\">Relat\u00f3rio de Gest\u00e3o \u2013 Ano 2021<\/a><br \/>\nPresidente: Andr\u00e9 Lima de Morais<br \/>\nVice-Presidente: Poema Isis Andrade de Souza<br \/>\n<a href=\"https:\/\/coreconpe.gov.br\/transparencia\/index.php\/rol-de-responsaveis-2021\/\">Rol de Respons\u00e1veis<\/a><br \/>\n<a href=\"https:\/\/coreconpe.gov.br\/transparencia\/index.php\/parecer-do-colegiado-2021\/\">Parecer do Colegiado<\/a><br \/>\n<a href=\"https:\/\/coreconpe.gov.br\/transparencia\/wp-content\/uploads\/2022\/Relat\u00f3rio_de_Inst\u00e2ncia_ou_\u00c1rea_de_Correi\u00e7\u00e3o.pdf\">Relat\u00f3rio de Inst\u00e2ncia ou \u00c1rea de Correi\u00e7\u00e3o<\/a><\/p>\n<h3>2020<\/h3>\n<p><a href=\"https:\/\/coreconpe.gov.br\/transparencia\/wp-content\/uploads\/2020\/relatorio_de_gestao_ano_2020.pdf\">Relat\u00f3rio de Gest\u00e3o \u2013 Ano 2020<\/a><br \/>\nPresidente: Ana Cl\u00e1udia de Albuquerque Arruda Laprovitera<br \/>\nVice-Presidente: Andr\u00e9 Lima de Morais<br \/>\n<a href=\"https:\/\/coreconpe.gov.br\/transparencia\/index.php\/rol-de-responsaveis-2020\/\">Rol de Respons\u00e1veis<\/a><br \/>\n<a href=\"https:\/\/coreconpe.gov.br\/transparencia\/index.php\/parecer-do-colegiado\/\">Parecer do Colegiado<\/a><br \/>\n<a href=\"https:\/\/coreconpe.gov.br\/transparencia\/wp-content\/uploads\/2020\/relatorio_de_instancia_ou_area_de_correicao.pdf\">Relat\u00f3rio de Inst\u00e2ncia ou \u00c1rea de Correi\u00e7\u00e3o<\/a><\/p>\n<h3>2019<\/h3>\n<p><a href=\"https:\/\/coreconpe.gov.br\/transparencia\/wp-content\/uploads\/2019\/relatorio_de_gestao_ano_2019.pdf\">Relat\u00f3rio de Gest\u00e3o \u2013 Ano 2019<\/a><br \/>\nPresidente: Ana Cl\u00e1udia de Albuquerque Arruda Laprovitera<br \/>\nVice-Presidente: Rafael Ramos da Concei\u00e7\u00e3o Moura<\/p>\n<h3>2018<\/h3>\n<p><a href=\"https:\/\/coreconpe.gov.br\/transparencia\/wp-content\/uploads\/2017\/09\/Relat\u00f3rio-de-Gest\u00e3o-Ano-2018.pdf\">Relat\u00f3rio de Gest\u00e3o &#8211; Ano 2018<\/a><br \/>\nPresidente: Ana Cl\u00e1udia de Albuquerque Arruda Laprovitera<br \/>\nVice-Presidente: Jos\u00e9 Andr\u00e9 de Lima Freitas da Silva<\/p>\n<h3>2017<\/h3>\n<p><a href=\"https:\/\/coreconpe.gov.br\/uploads\/relatorio-gestao\/Relat%C3%B3rio%20de%20Gest%C3%A3o%20-%20Ano%202017.pdf\">Relat\u00f3rio de Gest\u00e3o &#8211; Ano 2017<\/a><br \/>\nPresidente: Fernando de Aquino Fonseca Neto<br \/>\nVice-Presidente: Ana Cl\u00e1udia de Albuquerque Arruda Laprovitera<\/p>\n<h3>2016<\/h3>\n<p><a href=\"http:\/\/coreconpe.gov.br\/transparencia\/wp-content\/uploads\/2017\/09\/Relat\u00f3rio-de-Gest\u00e3o-Ano-2016.pdf\">Relat\u00f3rio de Gest\u00e3o &#8211; Ano 2016<\/a><br \/>\nPresidente: Ana Cl\u00e1udia de Albuquerque Arruda Laprovitera<br \/>\nVice-Presidente: Fernando de Aquino Fonseca Neto<\/p>\n<h3>2015<\/h3>\n<p><a href=\"http:\/\/coreconpe.gov.br\/transparencia\/wp-content\/uploads\/2017\/09\/Relat\u00f3rio-de-Gest\u00e3o-Ano-2015.pdf\">Relat\u00f3rio de Gest\u00e3o &#8211; Ano 2015<\/a><br \/>\nPresidente: Ana Cl\u00e1udia de Albuquerque Arruda Laprovitera<br \/>\nVice-Presidente: Fernando de Aquino Fonseca Neto<\/p>\n<h3>2014<\/h3>\n<p><a href=\"http:\/\/coreconpe.gov.br\/transparencia\/wp-content\/uploads\/2017\/09\/Relat\u00f3rio-de-Gest\u00e3o-Ano-2014.pdf\">Relat\u00f3rio de Gest\u00e3o &#8211; Ano 2014<\/a><br \/>\nPresidente: Fernando de Aquino Fonseca Neto<br \/>\nVice-Presidente: Ana Cl\u00e1udia de Albuquerque Arruda Laprovitera<\/p>\n","protected":false},"excerpt":{"rendered":"<p>2022 Relat\u00f3rio de Gest\u00e3o \u2013 Ano 2022 Presidente: Andr\u00e9 Lima de Morais Vice-Presidente: Poema Isis Andrade de Souza Rol de Respons\u00e1veis Parecer do Colegiado Relat\u00f3rio de Inst\u00e2ncia ou \u00c1rea de Correi\u00e7\u00e3o 2021 Relat\u00f3rio de Gest\u00e3o \u2013 Ano 2021 Presidente: Andr\u00e9 Lima de Morais Vice-Presidente: Poema Isis Andrade de Souza Rol de Respons\u00e1veis Parecer do Colegiado &hellip; <a href=\"https:\/\/coreconpe.gov.br\/transparencia\/relatorio-de-gestao\/\" class=\"more-link\">Continue reading <span class=\"screen-reader-text\">Relat\u00f3rio de Gest\u00e3o<\/span><\/a><\/p>\n","protected":false},"author":1,"featured_media":0,"parent":0,"menu_order":0,"comment_status":"closed","ping_status":"closed","template":"","meta":{"om_disable_all_campaigns":false,"_monsterinsights_skip_tracking":false,"_monsterinsights_sitenote_active":false,"_monsterinsights_sitenote_note":"","_monsterinsights_sitenote_category":0,"footnotes":""},"class_list":["post-438","page","type-page","status-publish","hentry"],"aioseo_notices":[],"_links":{"self":[{"href":"https:\/\/coreconpe.gov.br\/transparencia\/wp-json\/wp\/v2\/pages\/438","targetHints":{"allow":["GET"]}}],"collection":[{"href":"https:\/\/coreconpe.gov.br\/transparencia\/wp-json\/wp\/v2\/pages"}],"about":[{"href":"https:\/\/coreconpe.gov.br\/transparencia\/wp-json\/wp\/v2\/types\/page"}],"author":[{"embeddable":true,"href":"https:\/\/coreconpe.gov.br\/transparencia\/wp-json\/wp\/v2\/users\/1"}],"replies":[{"embeddable":true,"href":"https:\/\/coreconpe.gov.br\/transparencia\/wp-json\/wp\/v2\/comments?post=438"}],"version-history":[{"count":23,"href":"https:\/\/coreconpe.gov.br\/transparencia\/wp-json\/wp\/v2\/pages\/438\/revisions"}],"predecessor-version":[{"id":2257,"href":"https:\/\/coreconpe.gov.br\/transparencia\/wp-json\/wp\/v2\/pages\/438\/revisions\/2257"}],"wp:attachment":[{"href":"https:\/\/coreconpe.gov.br\/transparencia\/wp-json\/wp\/v2\/media?parent=438"}],"curies":[{"name":"wp","href":"https:\/\/api.w.org\/{rel}","templated":true}]}}