{"id":2421,"date":"2024-01-16T08:40:33","date_gmt":"2024-01-16T11:40:33","guid":{"rendered":"https:\/\/coreconpe.gov.br\/transparencia\/?page_id=2421"},"modified":"2025-05-16T15:16:06","modified_gmt":"2025-05-16T18:16:06","slug":"resolucoes-2024","status":"publish","type":"page","link":"https:\/\/coreconpe.gov.br\/transparencia\/resolucoes-2024\/","title":{"rendered":"Resolu\u00e7\u00f5es 2024"},"content":{"rendered":"\n<p><a href=\"https:\/\/coreconpe.gov.br\/transparencia\/wp-content\/uploads\/2024\/resolucoes\/Resolu\u00e7\u00e3o 01 2024 Altera\u00e7\u00e3o do Regimento Interno.pdf\">Resolu\u00e7\u00e3o 1 2024 Altera\u00e7\u00e3o do Regimento Interno<\/a><\/p>\n<p><a href=\"https:\/\/coreconpe.gov.br\/transparencia\/wp-content\/uploads\/2024\/resolucoes\/Resolu\u00e7\u00e3o 02 2024 Dip\u00f5es sobre o funcionamento do Processo Administrativo Eletr\u00f4nico.pdf\">Resolu\u00e7\u00e3o 2 2024 Disp\u00f5e sobre o funcionamento do Processo Administrativo Eletr\u00f4nico<\/a><\/p>\n<p><a href=\"https:\/\/coreconpe.gov.br\/transparencia\/wp-content\/uploads\/2024\/resolucoes\/Resolu\u00e7\u00e3o 03 2024 Prorroga a ades\u00e3o ao IX RECRED e d\u00e1 outras provid\u00eancias.pdf\">Resolu\u00e7\u00e3o 03 2024 Prorroga a ades\u00e3o ao IX RECRED e d\u00e1 outras provid\u00eancias<\/a><\/p>\n<p><a href=\"https:\/\/coreconpe.gov.br\/transparencia\/wp-content\/uploads\/2024\/resolucoes\/Resolu\u00e7\u00e3o 04 2024 XVIII Pr\u00eamio Dirceu Pessoa.pdf\">Resolu\u00e7\u00e3o 04 2024 XVIII Pr\u00eamio Dirceu Pessoa<\/a><\/p>\n<p><a href=\"https:\/\/coreconpe.gov.br\/transparencia\/wp-content\/uploads\/2024\/resolucoes\/Resolu\u00e7\u00e3o 05 2024 Dilatar o prazo de inscri\u00e7\u00e3o do XVIII Pr\u00eamio Dirceu Pessoa.pdf\">Resolu\u00e7\u00e3o 05 2024 Dilatar o prazo de inscri\u00e7\u00e3o do XVIII Pr\u00eamio Dirceu Pessoa<\/a><\/p>\n<p><a href=\"https:\/\/coreconpe.gov.br\/transparencia\/wp-content\/uploads\/2024\/resolucoes\/Resolu\u00e7\u00e3o 06 2024 XII Gincana Pernambucana de Economia.pdf\">Resolu\u00e7\u00e3o 06 2024 XII Gincana Pernambucana de Economia<\/a><\/p>\n<p><a href=\"https:\/\/coreconpe.gov.br\/transparencia\/wp-content\/uploads\/2024\/resolucoes\/Resolu\u00e7\u00e3o 07 2024 Composi\u00e7\u00e3o da Comiss\u00e3o Eleitoral 2024.pdf\">Resolu\u00e7\u00e3o 07 2024 Composi\u00e7\u00e3o da Comiss\u00e3o Eleitoral 2024<\/a><\/p>\n<p><a href=\"https:\/\/coreconpe.gov.br\/transparencia\/wp-content\/uploads\/2024\/resolucoes\/Resolu\u00e7\u00e3o 08 2024 Estabelece os valores das anuidades, das multas e dos pre\u00e7os de servi\u00e7os e d\u00e1 outras provid\u00eancias.pdf\">Resolu\u00e7\u00e3o 08 2024 Estabelece os valores das anuidades, das multas e dos pre\u00e7os de servi\u00e7os e d\u00e1 outras provid\u00eancias<\/a><\/p>\n","protected":false},"excerpt":{"rendered":"<p>Resolu\u00e7\u00e3o 1 2024 Altera\u00e7\u00e3o do Regimento Interno Resolu\u00e7\u00e3o 2 2024 Disp\u00f5e sobre o funcionamento do Processo Administrativo Eletr\u00f4nico Resolu\u00e7\u00e3o 03 2024 Prorroga a ades\u00e3o ao IX RECRED e d\u00e1 outras provid\u00eancias Resolu\u00e7\u00e3o 04 2024 XVIII Pr\u00eamio Dirceu Pessoa Resolu\u00e7\u00e3o 05 2024 Dilatar o prazo de inscri\u00e7\u00e3o do XVIII Pr\u00eamio Dirceu Pessoa Resolu\u00e7\u00e3o 06 2024 XII &hellip; <a href=\"https:\/\/coreconpe.gov.br\/transparencia\/resolucoes-2024\/\" class=\"more-link\">Continue reading <span class=\"screen-reader-text\">Resolu\u00e7\u00f5es 2024<\/span><\/a><\/p>\n","protected":false},"author":1,"featured_media":0,"parent":0,"menu_order":0,"comment_status":"closed","ping_status":"closed","template":"","meta":{"om_disable_all_campaigns":false,"_monsterinsights_skip_tracking":false,"_monsterinsights_sitenote_active":false,"_monsterinsights_sitenote_note":"","_monsterinsights_sitenote_category":0,"footnotes":""},"class_list":["post-2421","page","type-page","status-publish","hentry"],"aioseo_notices":[],"_links":{"self":[{"href":"https:\/\/coreconpe.gov.br\/transparencia\/wp-json\/wp\/v2\/pages\/2421","targetHints":{"allow":["GET"]}}],"collection":[{"href":"https:\/\/coreconpe.gov.br\/transparencia\/wp-json\/wp\/v2\/pages"}],"about":[{"href":"https:\/\/coreconpe.gov.br\/transparencia\/wp-json\/wp\/v2\/types\/page"}],"author":[{"embeddable":true,"href":"https:\/\/coreconpe.gov.br\/transparencia\/wp-json\/wp\/v2\/users\/1"}],"replies":[{"embeddable":true,"href":"https:\/\/coreconpe.gov.br\/transparencia\/wp-json\/wp\/v2\/comments?post=2421"}],"version-history":[{"count":9,"href":"https:\/\/coreconpe.gov.br\/transparencia\/wp-json\/wp\/v2\/pages\/2421\/revisions"}],"predecessor-version":[{"id":2519,"href":"https:\/\/coreconpe.gov.br\/transparencia\/wp-json\/wp\/v2\/pages\/2421\/revisions\/2519"}],"wp:attachment":[{"href":"https:\/\/coreconpe.gov.br\/transparencia\/wp-json\/wp\/v2\/media?parent=2421"}],"curies":[{"name":"wp","href":"https:\/\/api.w.org\/{rel}","templated":true}]}}