{"id":2253,"date":"2023-05-16T10:27:15","date_gmt":"2023-05-16T13:27:15","guid":{"rendered":"https:\/\/coreconpe.gov.br\/transparencia\/?page_id=2253"},"modified":"2023-05-16T10:27:15","modified_gmt":"2023-05-16T13:27:15","slug":"parecer-do-colegiado-2022","status":"publish","type":"page","link":"https:\/\/coreconpe.gov.br\/transparencia\/parecer-do-colegiado-2022\/","title":{"rendered":"Parecer do Colegiado 2022"},"content":{"rendered":"\n<p><a href=\"https:\/\/coreconpe.gov.br\/transparencia\/wp-content\/uploads\/2023\/Deliberacaon5027de03deabrilde2023.pdf\">Delibera\u00e7\u00e3o n\u00ba 5.027, de 03 de abril de 2023<\/a><\/p>\n\n\n<p><a href=\"https:\/\/coreconpe.gov.br\/transparencia\/wp-content\/uploads\/2023\/PublicacaoemDiarioOficialDeliberacaon5027de03deabrilde2023.pdf\">Publica\u00e7\u00e3o em Di\u00e1rio Oficial &#8211; Delibera\u00e7\u00e3o n\u00ba 5.027, de 03 de abril de 2023<\/a><\/p>\n","protected":false},"excerpt":{"rendered":"<p>Delibera\u00e7\u00e3o n\u00ba 5.027, de 03 de abril de 2023 Publica\u00e7\u00e3o em Di\u00e1rio Oficial &#8211; Delibera\u00e7\u00e3o n\u00ba 5.027, de 03 de abril de 2023<\/p>\n","protected":false},"author":1,"featured_media":0,"parent":0,"menu_order":0,"comment_status":"closed","ping_status":"closed","template":"","meta":{"om_disable_all_campaigns":false,"_monsterinsights_skip_tracking":false,"_monsterinsights_sitenote_active":false,"_monsterinsights_sitenote_note":"","_monsterinsights_sitenote_category":0,"footnotes":""},"class_list":["post-2253","page","type-page","status-publish","hentry"],"aioseo_notices":[],"_links":{"self":[{"href":"https:\/\/coreconpe.gov.br\/transparencia\/wp-json\/wp\/v2\/pages\/2253","targetHints":{"allow":["GET"]}}],"collection":[{"href":"https:\/\/coreconpe.gov.br\/transparencia\/wp-json\/wp\/v2\/pages"}],"about":[{"href":"https:\/\/coreconpe.gov.br\/transparencia\/wp-json\/wp\/v2\/types\/page"}],"author":[{"embeddable":true,"href":"https:\/\/coreconpe.gov.br\/transparencia\/wp-json\/wp\/v2\/users\/1"}],"replies":[{"embeddable":true,"href":"https:\/\/coreconpe.gov.br\/transparencia\/wp-json\/wp\/v2\/comments?post=2253"}],"version-history":[{"count":1,"href":"https:\/\/coreconpe.gov.br\/transparencia\/wp-json\/wp\/v2\/pages\/2253\/revisions"}],"predecessor-version":[{"id":2254,"href":"https:\/\/coreconpe.gov.br\/transparencia\/wp-json\/wp\/v2\/pages\/2253\/revisions\/2254"}],"wp:attachment":[{"href":"https:\/\/coreconpe.gov.br\/transparencia\/wp-json\/wp\/v2\/media?parent=2253"}],"curies":[{"name":"wp","href":"https:\/\/api.w.org\/{rel}","templated":true}]}}