{"id":2243,"date":"2023-05-15T15:15:00","date_gmt":"2023-05-15T18:15:00","guid":{"rendered":"https:\/\/coreconpe.gov.br\/transparencia\/?page_id=2243"},"modified":"2023-05-23T14:41:08","modified_gmt":"2023-05-23T17:41:08","slug":"relatorio-de-instancia-ou-area-de-correicao","status":"publish","type":"page","link":"https:\/\/coreconpe.gov.br\/transparencia\/relatorio-de-instancia-ou-area-de-correicao\/","title":{"rendered":"Relat\u00f3rio de Inst\u00e2ncia ou \u00c1rea de Correi\u00e7\u00e3o"},"content":{"rendered":"\n<p><a href=\"https:\/\/coreconpe.gov.br\/transparencia\/wp-content\/uploads\/2023\/RelatorioContabilComissaodeTomadadeContasdoCofecon.pdf\">Relat\u00f3rio Cont\u00e1bil &#8211; Comiss\u00e3o de Tomada de Contas do Cofecon<\/a><\/p>\n<p><a href=\"https:\/\/coreconpe.gov.br\/transparencia\/wp-content\/uploads\/2023\/BRN3C2AF44944C2_0000106729.pdf\">Parecer da Comiss\u00e3o de Tomada de Contas do Cofecon<\/a><\/p>\n","protected":false},"excerpt":{"rendered":"<p>Relat\u00f3rio Cont\u00e1bil &#8211; Comiss\u00e3o de Tomada de Contas do Cofecon Parecer da Comiss\u00e3o de Tomada de Contas do Cofecon<\/p>\n","protected":false},"author":1,"featured_media":0,"parent":0,"menu_order":0,"comment_status":"closed","ping_status":"closed","template":"","meta":{"om_disable_all_campaigns":false,"_monsterinsights_skip_tracking":false,"_monsterinsights_sitenote_active":false,"_monsterinsights_sitenote_note":"","_monsterinsights_sitenote_category":0,"footnotes":""},"class_list":["post-2243","page","type-page","status-publish","hentry"],"aioseo_notices":[],"_links":{"self":[{"href":"https:\/\/coreconpe.gov.br\/transparencia\/wp-json\/wp\/v2\/pages\/2243","targetHints":{"allow":["GET"]}}],"collection":[{"href":"https:\/\/coreconpe.gov.br\/transparencia\/wp-json\/wp\/v2\/pages"}],"about":[{"href":"https:\/\/coreconpe.gov.br\/transparencia\/wp-json\/wp\/v2\/types\/page"}],"author":[{"embeddable":true,"href":"https:\/\/coreconpe.gov.br\/transparencia\/wp-json\/wp\/v2\/users\/1"}],"replies":[{"embeddable":true,"href":"https:\/\/coreconpe.gov.br\/transparencia\/wp-json\/wp\/v2\/comments?post=2243"}],"version-history":[{"count":3,"href":"https:\/\/coreconpe.gov.br\/transparencia\/wp-json\/wp\/v2\/pages\/2243\/revisions"}],"predecessor-version":[{"id":2279,"href":"https:\/\/coreconpe.gov.br\/transparencia\/wp-json\/wp\/v2\/pages\/2243\/revisions\/2279"}],"wp:attachment":[{"href":"https:\/\/coreconpe.gov.br\/transparencia\/wp-json\/wp\/v2\/media?parent=2243"}],"curies":[{"name":"wp","href":"https:\/\/api.w.org\/{rel}","templated":true}]}}