{"id":2226,"date":"2023-05-12T16:41:57","date_gmt":"2023-05-12T19:41:57","guid":{"rendered":"https:\/\/coreconpe.gov.br\/transparencia\/?page_id=2226"},"modified":"2023-11-27T09:08:18","modified_gmt":"2023-11-27T12:08:18","slug":"balancetes-2023","status":"publish","type":"page","link":"https:\/\/coreconpe.gov.br\/transparencia\/balancetes-2023\/","title":{"rendered":"Balancetes 2023"},"content":{"rendered":"\n<p><a href=\"https:\/\/coreconpe.gov.br\/transparencia\/wp-content\/uploads\/2023\/balancetes\/BalanceteAnaliticodeVerificacaodo1trimestrede2023.pdf\">Balancete Anal\u00edtico de Verifica\u00e7\u00e3o do 1\u00ba Trimestre de 2023<\/a><\/p>\n<p><a href=\"https:\/\/coreconpe.gov.br\/transparencia\/wp-content\/uploads\/2023\/balancetes\/BalanceteAnaliticodeVerificacaodo1Trimestrede2023.csv\">Balancete Anal\u00edtico de Verifica\u00e7\u00e3o do 1\u00ba Trimestre de 2023.csv<\/a><\/p>\n<p><a href=\"https:\/\/coreconpe.gov.br\/transparencia\/wp-content\/uploads\/2023\/balancetes\/Balancete Anal\u00edtico de Verifica\u00e7\u00e3o do 1\u00ba Trimestre de 2023.xls\">Balancete Anal\u00edtico de Verifica\u00e7\u00e3o do 1\u00ba Trimestre de 2023.xls<\/a><\/p><p><a href=\"https:\/\/coreconpe.gov.br\/transparencia\/wp-content\/uploads\/2023\/balancetes\/Balancete Anal\u00edtico de Verifica\u00e7\u00e3o at\u00e9 2\u00ba Trimestre de 2023.csv\">Balancete Anal\u00edtico de Verifica\u00e7\u00e3o do 2\u00ba Trimestre de 2023.csv<\/a><\/p>\n<p><a href=\"https:\/\/coreconpe.gov.br\/transparencia\/wp-content\/uploads\/2023\/balancetes\/Balancete Anal\u00edtico de Verifica\u00e7\u00e3o at\u00e9 2\u00ba Trimestre de 2023.pdf\">Balancete Anal\u00edtico de Verifica\u00e7\u00e3o do 2\u00ba Trimestre de 2023<\/a><\/p>\n<p><a href=\"https:\/\/coreconpe.gov.br\/transparencia\/wp-content\/uploads\/2023\/balancetes\/Balancete Anal\u00edtico de Verifica\u00e7\u00e3o at\u00e9 3\u00ba Trimestre de 2023.csv\">Balancete Anal\u00edtico de Verifica\u00e7\u00e3o do 3\u00ba Trimestre de 2023.csv<\/a><\/p>\n<p><a href=\"https:\/\/coreconpe.gov.br\/transparencia\/wp-content\/uploads\/2023\/balancetes\/Balancete Anal\u00edtico de Verifica\u00e7\u00e3o at\u00e9 3\u00ba Trimestre de 2023.pdf\">Balancete Anal\u00edtico de Verifica\u00e7\u00e3o do 3\u00ba Trimestre de 2023<\/a><\/p>\n\n\n\n<p><a href=\"https:\/\/coreconpe.gov.br\/transparencia\/wp-content\/uploads\/2023\/balancetes\/BalancoFinanceirodo1Trimestrede2023.pdf\">Balan\u00e7o Financeiro do 1\u00ba Trimestre de 2023<\/a><\/p>\n<p><a href=\"https:\/\/coreconpe.gov.br\/transparencia\/wp-content\/uploads\/2023\/balancetes\/BalancoFinanceirodo1Trimestrede2023.pdf\">Balan\u00e7o Financeiro do 1\u00ba Trimestre de 2023.csv<\/a><\/p>\n<p><a href=\"https:\/\/coreconpe.gov.br\/transparencia\/wp-content\/uploads\/2023\/balancetes\/Balan\u00e7o Financeiro at\u00e9 2\u00ba Trimestre de 2023.pdf\">Balan\u00e7o Financeiro do 2\u00ba Trimestre de 2023<\/a><\/p>\n<p><a href=\"https:\/\/coreconpe.gov.br\/transparencia\/wp-content\/uploads\/2023\/balancetes\/Balan\u00e7o Financeiro at\u00e9 2\u00ba Trimestre de 2023.csv\">Balan\u00e7o Financeiro do 2\u00ba Trimestre de 2023.csv<\/a><\/p>\n<p><a href=\"https:\/\/coreconpe.gov.br\/transparencia\/wp-content\/uploads\/2023\/balancetes\/Balan\u00e7o Financeiro at\u00e9 3\u00ba Trimestre de 2023.pdf\">Balan\u00e7o Financeiro do 3\u00ba Trimestre de 2023<\/a><\/p>\n<p><a href=\"https:\/\/coreconpe.gov.br\/transparencia\/wp-content\/uploads\/2023\/balancetes\/Balan\u00e7o Financeiro at\u00e9 3\u00ba Trimestre de 2023.csv\">Balan\u00e7o Financeiro do 3\u00ba Trimestre de 2023.csv<\/a><\/p>\n\n\n\n<p><a href=\"https:\/\/coreconpe.gov.br\/transparencia\/wp-content\/uploads\/2023\/balancetes\/BalancoOrcamentariodo1Trimestrede2023.pdf\">Balan\u00e7o Or\u00e7ament\u00e1rio do 1\u00ba Trimestre de 2023<\/a><\/p>\n<p><a href=\"https:\/\/coreconpe.gov.br\/transparencia\/wp-content\/uploads\/2023\/balancetes\/BalancoOrcamentariodo1Trimestrede2023.csv\">Balan\u00e7o Or\u00e7ament\u00e1rio do 1\u00ba Trimestre de 2023.csv<\/a><\/p>\n<p><a href=\"https:\/\/coreconpe.gov.br\/transparencia\/wp-content\/uploads\/2023\/balancetes\/Balan\u00e7o Or\u00e7ament\u00e1rio at\u00e9 2\u00ba Trimestre de 2023.pdf\">Balan\u00e7o Or\u00e7ament\u00e1rio do 2\u00ba Trimestre de 2023<\/a><\/p>\n<p><a href=\"https:\/\/coreconpe.gov.br\/transparencia\/wp-content\/uploads\/2023\/balancetes\/Balan\u00e7o Or\u00e7ament\u00e1rio at\u00e9 2\u00ba Trimestre de 2023.csv\">Balan\u00e7o Or\u00e7ament\u00e1rio do 2\u00ba Trimestre de 2023.csv<\/a><\/p>\n<p><a href=\"https:\/\/coreconpe.gov.br\/transparencia\/wp-content\/uploads\/2023\/balancetes\/Balan\u00e7o Or\u00e7ament\u00e1rio at\u00e9 3\u00ba Trimestre de 2023.pdf\">Balan\u00e7o Or\u00e7ament\u00e1rio do 3\u00ba Trimestre de 2023<\/a><\/p>\n<p><a href=\"https:\/\/coreconpe.gov.br\/transparencia\/wp-content\/uploads\/2023\/balancetes\/Balan\u00e7o Or\u00e7ament\u00e1rio at\u00e9 3\u00ba Trimestre de 2023.csv\">Balan\u00e7o Or\u00e7ament\u00e1rio do 3\u00ba Trimestre de 2023.csv<\/a><\/p>\n\n<p><a href=\"https:\/\/coreconpe.gov.br\/transparencia\/wp-content\/uploads\/2023\/balancetes\/BalancoPatrimonialdo1Trimestrede2023.pdf\">Balan\u00e7o Patrimonial do 1\u00ba Trimestre de 2023<\/a><\/p>\n<p><a href=\"https:\/\/coreconpe.gov.br\/transparencia\/wp-content\/uploads\/2023\/balancetes\/BalancoPatrimonialdo1Trimestrede2023.csv\">Balan\u00e7o Patrimonial do 1\u00ba Trimestre de 2023.csv<\/a><\/p>\n<p><a href=\"https:\/\/coreconpe.gov.br\/transparencia\/wp-content\/uploads\/2023\/balancetes\/Balan\u00e7o Patrimonial at\u00e9 2\u00ba Trimestre de 2023.pdf\">Balan\u00e7o Patrimonial do 2\u00ba Trimestre de 2023<\/a><\/p>\n<p><a href=\"https:\/\/coreconpe.gov.br\/transparencia\/wp-content\/uploads\/2023\/balancetes\/Balan\u00e7o Patrimonial at\u00e9 2\u00ba Trimestre de 2023.csv\">Balan\u00e7o Patrimonial do 2\u00ba Trimestre de 2023.csv<\/a><\/p>\n<p><a href=\"https:\/\/coreconpe.gov.br\/transparencia\/wp-content\/uploads\/2023\/balancetes\/Balan\u00e7o Patrimonial at\u00e9 3\u00ba Trimestre de 2023.pdf\">Balan\u00e7o Patrimonial do 3\u00ba Trimestre de 2023<\/a><\/p>\n<p><a href=\"https:\/\/coreconpe.gov.br\/transparencia\/wp-content\/uploads\/2023\/balancetes\/Balan\u00e7o Patrimonial at\u00e9 3\u00ba Trimestre de 2023.csv\">Balan\u00e7o Patrimonial do 3\u00ba Trimestre de 2023.csv<\/a><\/p>\n<p><a href=\"https:\/\/coreconpe.gov.br\/transparencia\/wp-content\/uploads\/2023\/balancetes\/Demonstrativo do Fluxo de Caixa at\u00e9 1\u00ba Trimestre de 2023.pdf\">Demonstrativo do Fluxo de Caixa do 1\u00ba Trimestre de 2023<\/a><\/p>\n<p><a href=\"https:\/\/coreconpe.gov.br\/transparencia\/wp-content\/uploads\/2023\/balancetes\/Demonstrativo do Fluxo de Caixa at\u00e9 1\u00ba Trimestre de 2023.csv\">Demonstrativo do Fluxo de Caixa do 1\u00ba Trimestre de 2023.csv<\/a><\/p>\n<p><a href=\"https:\/\/coreconpe.gov.br\/transparencia\/wp-content\/uploads\/2023\/balancetes\/Demonstrativo do Fluxo de Caixa at\u00e9 2\u00ba Trimestre de 2023.pdf\">Demonstrativo do Fluxo de Caixa do 2\u00ba Trimestre de 2023<\/a><\/p>\n<p><a href=\"https:\/\/coreconpe.gov.br\/transparencia\/wp-content\/uploads\/2023\/balancetes\/Demonstrativo do Fluxo de Caixa at\u00e9 2\u00ba Trimestre de 2023.csv\">Demonstrativo do Fluxo de Caixa do 2\u00ba Trimestre de 2023.csv<\/a><\/p>\n<p><a href=\"https:\/\/coreconpe.gov.br\/transparencia\/wp-content\/uploads\/2023\/balancetes\/Demonstrativo do Fluxo de Caixa at\u00e9 3\u00ba Trimestre de 2023.pdf\">Demonstrativo do Fluxo de Caixa do 3\u00ba Trimestre de 2023<\/a><\/p>\n<p><a href=\"https:\/\/coreconpe.gov.br\/transparencia\/wp-content\/uploads\/2023\/balancetes\/Demonstrativo do Fluxo de Caixa at\u00e9 3\u00ba Trimestre de 2023.csv\">Demonstrativo do Fluxo de Caixa do 3\u00ba Trimestre de 2023.csv<\/a><\/p>\n<p><a href=\"https:\/\/coreconpe.gov.br\/transparencia\/wp-content\/uploads\/2023\/balancetes\/Demonstra\u00e7\u00e3o de Varia\u00e7\u00f5es Patrimoniais at\u00e9 1\u00ba Trimestre de 2023.pdf\">Demonstra\u00e7\u00e3o de Varia\u00e7\u00f5es Patrimoniais do 1\u00ba Trimestre de 2023<\/a><\/p>\n<p><a href=\"https:\/\/coreconpe.gov.br\/transparencia\/wp-content\/uploads\/2023\/balancetes\/Demonstra\u00e7\u00e3o de Varia\u00e7\u00f5es Patrimoniais at\u00e9 1\u00ba Trimestre de 2023.csv\">Demonstra\u00e7\u00e3o de Varia\u00e7\u00f5es Patrimoniais do 1\u00ba Trimestre de 2023.csv<\/a><\/p>\n<p><a href=\"https:\/\/coreconpe.gov.br\/transparencia\/wp-content\/uploads\/2023\/balancetes\/Demonstra\u00e7\u00e3o de Varia\u00e7\u00f5es Patrimoniais at\u00e9 2\u00ba Trimestre de 2023.pdf\">Demonstra\u00e7\u00e3o de Varia\u00e7\u00f5es Patrimoniais do 2\u00ba Trimestre de 2023<\/a><\/p>\n<p><a href=\"https:\/\/coreconpe.gov.br\/transparencia\/wp-content\/uploads\/2023\/balancetes\/Demonstra\u00e7\u00e3o de Varia\u00e7\u00f5es Patrimoniais at\u00e9 2\u00ba Trimestre de 2023.csv\">Demonstra\u00e7\u00e3o de Varia\u00e7\u00f5es Patrimoniais do 2\u00ba Trimestre de 2023.csv<\/a><\/p>\n<p><a href=\"https:\/\/coreconpe.gov.br\/transparencia\/wp-content\/uploads\/2023\/balancetes\/Demonstra\u00e7\u00e3o de Varia\u00e7\u00f5es Patrimoniais at\u00e9 3\u00ba Trimestre de 2023.pdf\">Demonstra\u00e7\u00e3o de Varia\u00e7\u00f5es Patrimoniais do 3\u00ba Trimestre de 2023<\/a><\/p>\n<p><a href=\"https:\/\/coreconpe.gov.br\/transparencia\/wp-content\/uploads\/2023\/balancetes\/Demonstra\u00e7\u00e3o de Varia\u00e7\u00f5es Patrimoniais at\u00e9 3\u00ba Trimestre de 2023.csv\">Demonstra\u00e7\u00e3o de Varia\u00e7\u00f5es Patrimoniais do 3\u00ba Trimestre de 2023.csv<\/a><\/p>\n","protected":false},"excerpt":{"rendered":"<p>Balancete Anal\u00edtico de Verifica\u00e7\u00e3o do 1\u00ba Trimestre de 2023 Balancete Anal\u00edtico de Verifica\u00e7\u00e3o do 1\u00ba Trimestre de 2023.csv Balancete Anal\u00edtico de Verifica\u00e7\u00e3o do 1\u00ba Trimestre de 2023.xls Balancete Anal\u00edtico de Verifica\u00e7\u00e3o do 2\u00ba Trimestre de 2023.csv Balancete Anal\u00edtico de Verifica\u00e7\u00e3o do 2\u00ba Trimestre de 2023 Balancete Anal\u00edtico de Verifica\u00e7\u00e3o do 3\u00ba Trimestre de 2023.csv Balancete &hellip; <a href=\"https:\/\/coreconpe.gov.br\/transparencia\/balancetes-2023\/\" class=\"more-link\">Continue reading <span class=\"screen-reader-text\">Balancetes 2023<\/span><\/a><\/p>\n","protected":false},"author":1,"featured_media":0,"parent":0,"menu_order":0,"comment_status":"closed","ping_status":"closed","template":"","meta":{"om_disable_all_campaigns":false,"_monsterinsights_skip_tracking":false,"_monsterinsights_sitenote_active":false,"_monsterinsights_sitenote_note":"","_monsterinsights_sitenote_category":0,"footnotes":""},"class_list":["post-2226","page","type-page","status-publish","hentry"],"aioseo_notices":[],"_links":{"self":[{"href":"https:\/\/coreconpe.gov.br\/transparencia\/wp-json\/wp\/v2\/pages\/2226","targetHints":{"allow":["GET"]}}],"collection":[{"href":"https:\/\/coreconpe.gov.br\/transparencia\/wp-json\/wp\/v2\/pages"}],"about":[{"href":"https:\/\/coreconpe.gov.br\/transparencia\/wp-json\/wp\/v2\/types\/page"}],"author":[{"embeddable":true,"href":"https:\/\/coreconpe.gov.br\/transparencia\/wp-json\/wp\/v2\/users\/1"}],"replies":[{"embeddable":true,"href":"https:\/\/coreconpe.gov.br\/transparencia\/wp-json\/wp\/v2\/comments?post=2226"}],"version-history":[{"count":16,"href":"https:\/\/coreconpe.gov.br\/transparencia\/wp-json\/wp\/v2\/pages\/2226\/revisions"}],"predecessor-version":[{"id":2417,"href":"https:\/\/coreconpe.gov.br\/transparencia\/wp-json\/wp\/v2\/pages\/2226\/revisions\/2417"}],"wp:attachment":[{"href":"https:\/\/coreconpe.gov.br\/transparencia\/wp-json\/wp\/v2\/media?parent=2226"}],"curies":[{"name":"wp","href":"https:\/\/api.w.org\/{rel}","templated":true}]}}