{"id":2098,"date":"2023-01-27T15:33:58","date_gmt":"2023-01-27T18:33:58","guid":{"rendered":"https:\/\/coreconpe.gov.br\/transparencia\/?page_id=2098"},"modified":"2023-05-12T10:52:37","modified_gmt":"2023-05-12T13:52:37","slug":"rol-de-responsaveis-2023","status":"publish","type":"page","link":"https:\/\/coreconpe.gov.br\/transparencia\/rol-de-responsaveis-2023\/","title":{"rendered":"Rol de Respons\u00e1veis 2023"},"content":{"rendered":"\n<p><strong>Andr\u00e9 Lima de Morais<\/strong><br>CPF: XXX.800.244-XX<br>Presidente do Corecon-PE<br>Gest\u00e3o 2023<br><a href=\"https:\/\/coreconpe.gov.br\/transparencia\/wp-content\/uploads\/2023\/ata\/Atada1ReuniaoOrdinariadoCoreconPErealizadanodia03012023.pdf\">Ata Elei\u00e7\u00e3o 2023<\/a><br><a>presidencia@coreconpe.gov.br<\/a><\/p>\n\n\n\n<p><strong>Poema Isis Andrade de Souza<\/strong><br>CPF: XXX.266.954-XX<br>Vice-Presidente do Corecon-PE<br>Gest\u00e3o 2023<br><a href=\"https:\/\/coreconpe.gov.br\/transparencia\/wp-content\/uploads\/2023\/ata\/Atada1ReuniaoOrdinariadoCoreconPErealizadanodia03012023.pdf\">Ata Elei\u00e7\u00e3o 2023<\/a><br><a href=\"poema.isis@gmail.com\">poema.isis@gmail.com<\/a><\/p>\n\n\n\n<p><strong>Rayssa Kelly Melo das Merc\u00eas<\/strong><br>CPF: XXX.804.804-XX<br>Gerente Executiva<br><a href=\"https:\/\/coreconpe.gov.br\/transparencia\/wp-content\/uploads\/2018\/01\/portaria_09_2018_nomeia_rayssa_merces_para_gerencia.pdf\">Portaria n\u00ba 09, de 18 de dezembro de 2018<\/a><br><a href=\"gerencia@coreconpe.gov.br\">gerencia@coreconpe.gov.br<\/a><\/p>\n\n\n\n<p><strong>Rayssa Kelly Melo das Merc\u00eas<\/strong><br>CPF: XXX.804.804-XX<br>Contadora<br><a href=\"https:\/\/coreconpe.gov.br\/uploads\/portarias\/Portaria%2021%202017%20Nomeia%20Rayssa%20Merc%C3%AAs.pdf\">Portaria n\u00ba 21, de 13 de novembro de 2017<\/a><br><a href=\"financeiro@coreconpe.gov.br\">financeiro@coreconpe.gov.br<\/a><\/p>\n\n\n\n<p><strong>Rayssa Kelly Melo das Merc\u00eas<\/strong><br>CPF: XXX.804.804-XX<br>Tesoureira<br><a href=\"https:\/\/coreconpe.gov.br\/transparencia\/wp-content\/uploads\/2023\/portarias\/Portaria52023DesignaTesoureiraRayssaMerces.pdf\">Portaria n\u00ba 05, de 03 de janeiro de 2023<\/a><br><a href=\"financeiro@coreconpe.gov.br\">financeiro@coreconpe.gov.br<\/a><\/p>\n","protected":false},"excerpt":{"rendered":"<p>Andr\u00e9 Lima de MoraisCPF: XXX.800.244-XXPresidente do Corecon-PEGest\u00e3o 2023Ata Elei\u00e7\u00e3o 2023presidencia@coreconpe.gov.br Poema Isis Andrade de SouzaCPF: XXX.266.954-XXVice-Presidente do Corecon-PEGest\u00e3o 2023Ata Elei\u00e7\u00e3o 2023poema.isis@gmail.com Rayssa Kelly Melo das Merc\u00easCPF: XXX.804.804-XXGerente ExecutivaPortaria n\u00ba 09, de 18 de dezembro de 2018gerencia@coreconpe.gov.br Rayssa Kelly Melo das Merc\u00easCPF: XXX.804.804-XXContadoraPortaria n\u00ba 21, de 13 de novembro de 2017financeiro@coreconpe.gov.br Rayssa Kelly Melo das Merc\u00easCPF: &hellip; <a href=\"https:\/\/coreconpe.gov.br\/transparencia\/rol-de-responsaveis-2023\/\" class=\"more-link\">Continue reading <span class=\"screen-reader-text\">Rol de Respons\u00e1veis 2023<\/span><\/a><\/p>\n","protected":false},"author":1,"featured_media":0,"parent":0,"menu_order":0,"comment_status":"closed","ping_status":"closed","template":"","meta":{"om_disable_all_campaigns":false,"_monsterinsights_skip_tracking":false,"_monsterinsights_sitenote_active":false,"_monsterinsights_sitenote_note":"","_monsterinsights_sitenote_category":0,"footnotes":""},"class_list":["post-2098","page","type-page","status-publish","hentry"],"aioseo_notices":[],"_links":{"self":[{"href":"https:\/\/coreconpe.gov.br\/transparencia\/wp-json\/wp\/v2\/pages\/2098","targetHints":{"allow":["GET"]}}],"collection":[{"href":"https:\/\/coreconpe.gov.br\/transparencia\/wp-json\/wp\/v2\/pages"}],"about":[{"href":"https:\/\/coreconpe.gov.br\/transparencia\/wp-json\/wp\/v2\/types\/page"}],"author":[{"embeddable":true,"href":"https:\/\/coreconpe.gov.br\/transparencia\/wp-json\/wp\/v2\/users\/1"}],"replies":[{"embeddable":true,"href":"https:\/\/coreconpe.gov.br\/transparencia\/wp-json\/wp\/v2\/comments?post=2098"}],"version-history":[{"count":4,"href":"https:\/\/coreconpe.gov.br\/transparencia\/wp-json\/wp\/v2\/pages\/2098\/revisions"}],"predecessor-version":[{"id":2210,"href":"https:\/\/coreconpe.gov.br\/transparencia\/wp-json\/wp\/v2\/pages\/2098\/revisions\/2210"}],"wp:attachment":[{"href":"https:\/\/coreconpe.gov.br\/transparencia\/wp-json\/wp\/v2\/media?parent=2098"}],"curies":[{"name":"wp","href":"https:\/\/api.w.org\/{rel}","templated":true}]}}