{"id":1380,"date":"2021-04-01T13:06:32","date_gmt":"2021-04-01T16:06:32","guid":{"rendered":"https:\/\/coreconpe.gov.br\/transparencia\/?page_id=1380"},"modified":"2021-04-01T13:06:32","modified_gmt":"2021-04-01T16:06:32","slug":"credo-organizacional","status":"publish","type":"page","link":"https:\/\/coreconpe.gov.br\/transparencia\/credo-organizacional\/","title":{"rendered":"Credo Organizacional"},"content":{"rendered":"\n<h4>Miss\u00e3o<\/h4>\n<p>Garantir, em sua \u00e1rea de jurisdi\u00e7\u00e3o, o exerc\u00edcio legal e \u00e9tico da profiss\u00e3o de economista, executando o registro e a fiscaliza\u00e7\u00e3o dos profissionais e das entidades que exer\u00e7am as atividades t\u00e9cnicas de Economia e Finan\u00e7as.<\/p>\n\n<h4>Vis\u00e3o<\/h4>\n<p>Ser refer\u00eancia no campo das Entidades Profissionais, contribuindo decisivamente para a valoriza\u00e7\u00e3o da profiss\u00e3o de economista no Estado de Pernambuco.<\/p>\n\n<h4>Valores<\/h4>\n<p>Transpar\u00eancia<br<\nIntegridade<br>\nTrabalho em equipe<br>\nCompromisso<br>\nRespeito<br>\n\u00c9tica no trabalho<br>\nResponsabilidade socioambiental<\/p>\n","protected":false},"excerpt":{"rendered":"<p>Miss\u00e3o Garantir, em sua \u00e1rea de jurisdi\u00e7\u00e3o, o exerc\u00edcio legal e \u00e9tico da profiss\u00e3o de economista, executando o registro e a fiscaliza\u00e7\u00e3o dos profissionais e das entidades que exer\u00e7am as atividades t\u00e9cnicas de Economia e Finan\u00e7as. Vis\u00e3o Ser refer\u00eancia no campo das Entidades Profissionais, contribuindo decisivamente para a valoriza\u00e7\u00e3o da profiss\u00e3o de economista no Estado &hellip; <a href=\"https:\/\/coreconpe.gov.br\/transparencia\/credo-organizacional\/\" class=\"more-link\">Continue reading <span class=\"screen-reader-text\">Credo Organizacional<\/span><\/a><\/p>\n","protected":false},"author":1,"featured_media":0,"parent":0,"menu_order":0,"comment_status":"closed","ping_status":"closed","template":"","meta":{"om_disable_all_campaigns":false,"_monsterinsights_skip_tracking":false,"_monsterinsights_sitenote_active":false,"_monsterinsights_sitenote_note":"","_monsterinsights_sitenote_category":0,"footnotes":""},"class_list":["post-1380","page","type-page","status-publish","hentry"],"aioseo_notices":[],"_links":{"self":[{"href":"https:\/\/coreconpe.gov.br\/transparencia\/wp-json\/wp\/v2\/pages\/1380","targetHints":{"allow":["GET"]}}],"collection":[{"href":"https:\/\/coreconpe.gov.br\/transparencia\/wp-json\/wp\/v2\/pages"}],"about":[{"href":"https:\/\/coreconpe.gov.br\/transparencia\/wp-json\/wp\/v2\/types\/page"}],"author":[{"embeddable":true,"href":"https:\/\/coreconpe.gov.br\/transparencia\/wp-json\/wp\/v2\/users\/1"}],"replies":[{"embeddable":true,"href":"https:\/\/coreconpe.gov.br\/transparencia\/wp-json\/wp\/v2\/comments?post=1380"}],"version-history":[{"count":2,"href":"https:\/\/coreconpe.gov.br\/transparencia\/wp-json\/wp\/v2\/pages\/1380\/revisions"}],"predecessor-version":[{"id":1382,"href":"https:\/\/coreconpe.gov.br\/transparencia\/wp-json\/wp\/v2\/pages\/1380\/revisions\/1382"}],"wp:attachment":[{"href":"https:\/\/coreconpe.gov.br\/transparencia\/wp-json\/wp\/v2\/media?parent=1380"}],"curies":[{"name":"wp","href":"https:\/\/api.w.org\/{rel}","templated":true}]}}