{"id":132,"date":"2017-07-24T16:26:05","date_gmt":"2017-07-24T19:26:05","guid":{"rendered":"http:\/\/coreconpe.org.br\/transparencia\/?page_id=132"},"modified":"2022-11-21T11:24:39","modified_gmt":"2022-11-21T14:24:39","slug":"concursos","status":"publish","type":"page","link":"https:\/\/coreconpe.gov.br\/transparencia\/concursos\/","title":{"rendered":"Concursos"},"content":{"rendered":"<h4>N\u00e3o houve concursos em outros per\u00edodos.<\/h4>\n<h3>2019<\/h3>\n<p><a href=\"http:\/\/coreconpe.gov.br\/transparencia\/wp-content\/uploads\/2019\/concurso\/Nomea\u00e7\u00e3o_do_3\u00ba_lugar_no_Processo_Seletivo_Simplificado_Edital_n\u00ba_01_2019.pdf\" target=\"_blank\" rel=\"noopener noreferrer\">Nomea\u00e7\u00e3o do 3\u00ba lugar no Processo Seletivo Simplificado \u2013 Edital n\u00ba 01\/2019<\/a><\/p>\n<p><a href=\"http:\/\/coreconpe.gov.br\/transparencia\/wp-content\/uploads\/2019\/concurso\/Publica\u00e7\u00e3o_Di\u00e1rio_Oficial_do_Estado_de_Pernambuco_Prorroga\u00e7\u00e3o.pdf\" target=\"_blank\" rel=\"noopener noreferrer\">Prorroga\u00e7\u00e3o do prazo de validade do Processo Seletivo Simplificado n\u00ba 01\/2019<\/a><\/p>\n<p><a href=\"http:\/\/coreconpe.gov.br\/transparencia\/wp-content\/uploads\/2019\/concurso\/Nomea\u00e7\u00e3o_Marcelo_Paix\u00e3o_Edital_n\u00ba_01_2019.pdf\" target=\"_blank\" rel=\"noopener noreferrer\">Nomea\u00e7\u00e3o do 2\u00ba lugar no Processo Seletivo Simplificado \u2013 Edital n\u00ba 01\/2019<\/a><\/p>\n<p><a href=\"http:\/\/coreconpe.gov.br\/transparencia\/wp-content\/uploads\/2019\/concurso\/nomeacao_1_lugar_processo_seletivo_simplificado_edital_n01_2019.pdf\" target=\"_blank\" rel=\"noopener noreferrer\">Nomea\u00e7\u00e3o do 1\u00ba lugar no Processo Seletivo Simplificado &#8211; Edital n\u00ba 01\/2019<\/a><\/p>\n<p><a href=\"http:\/\/coreconpe.gov.br\/transparencia\/wp-content\/uploads\/2019\/concurso\/resultado_final_processo_seletivo_simplificado_edital_01_2019_assessor_juridico.pdf\" target=\"_blank\" rel=\"noopener noreferrer\">Resultado final &#8211; Processo Seletivo Simplificado &#8211; Edital n\u00ba 01\/2019 &#8211; Cargo de Assessor Jur\u00eddico<\/a><\/p>\n<p><a href=\"http:\/\/coreconpe.gov.br\/transparencia\/wp-content\/uploads\/2019\/concurso\/homologacao_pss_edital_01_2019.pdf\" target=\"_blank\" rel=\"noopener noreferrer\">Homologa\u00e7\u00e3o &#8211; PSS &#8211; Edital n\u00ba 01\/2019 &#8211; Corecon-PE<\/a><\/p>\n<p><a href=\"http:\/\/coreconpe.gov.br\/transparencia\/wp-content\/uploads\/2019\/concurso\/edital01_2019_processoseletivosimplificado_cargodeassessorjuridico.pdf\" target=\"_blank\" rel=\"noopener noreferrer\">Edital Normativo n\u00ba 01\/2019 &#8211; Corecon-PE<\/a><\/p>\n<p><a href=\"http:\/\/coreconpe.gov.br\/transparencia\/wp-content\/uploads\/2019\/concurso\/publicacao_diariooficialestadope_extratodeedital.pdf\" target=\"_blank\" rel=\"noopener noreferrer\">Publica\u00e7\u00e3o no Di\u00e1rio Oficial do Estado de Pernambuco &#8211; Edital Normativo n\u00ba 01\/2019 &#8211; Corecon-PE<\/a><\/p>\n<p>&nbsp;<\/p>\n<h3>2016<\/h3>\n<p><a href=\"http:\/\/coreconpe.gov.br\/transparencia\/wp-content\/uploads\/2017\/07\/Nomea\u00e7\u00e3o-do-1\u00ba-lugar-no-Concurso-P\u00fablico-n\u00ba-01-2016-Corecon-PE.pdf\">Nomea\u00e7\u00e3o do 1\u00ba lugar no Concurso P\u00fablico n\u00ba 01 2016 &#8211; Corecon-PE<\/a><\/p>\n<p><a href=\"http:\/\/coreconpe.gov.br\/transparencia\/wp-content\/uploads\/2017\/07\/Cronograma-do-Concurso-P\u00fablico-n\u00ba-01-2016-para-Cargo-de-N\u00edvel-Superior-Corecon-PE-1.pdf\">Cronograma do Concurso P\u00fablico n\u00ba 01 2016 para Cargo de N\u00edvel Superior &#8211; Corecon-PE<\/a><\/p>\n<p><a href=\"http:\/\/coreconpe.gov.br\/transparencia\/wp-content\/uploads\/2017\/07\/Edital-Normativo-n\u00ba-01-2016-Corecon-PE-1.pdf\">Edital Normativo n\u00ba 01 2016 &#8211; Corecon-PE<\/a><\/p>\n<p><a href=\"http:\/\/coreconpe.gov.br\/transparencia\/wp-content\/uploads\/2017\/07\/Homologa\u00e7\u00e3o-Edital-Normativo-n\u00ba-01-2016-Corecon-PE.pdf\">Homologa\u00e7\u00e3o &#8211; Edital Normativo n\u00ba 01 2016 &#8211; Corecon-PE<\/a><\/p>\n<p><a href=\"http:\/\/coreconpe.gov.br\/transparencia\/wp-content\/uploads\/2017\/07\/Lista-de-Classificados-do-Concurso-P\u00fablico-n\u00ba-01-2016-Corecon-PE-1.pdf\">Lista de Classificados do Concurso P\u00fablico n\u00ba 01 2016 &#8211; Corecon-PE<\/a><\/p>\n","protected":false},"excerpt":{"rendered":"<p>N\u00e3o houve concursos em outros per\u00edodos. 2019 Nomea\u00e7\u00e3o do 3\u00ba lugar no Processo Seletivo Simplificado \u2013 Edital n\u00ba 01\/2019 Prorroga\u00e7\u00e3o do prazo de validade do Processo Seletivo Simplificado n\u00ba 01\/2019 Nomea\u00e7\u00e3o do 2\u00ba lugar no Processo Seletivo Simplificado \u2013 Edital n\u00ba 01\/2019 Nomea\u00e7\u00e3o do 1\u00ba lugar no Processo Seletivo Simplificado &#8211; Edital n\u00ba 01\/2019 Resultado &hellip; <a href=\"https:\/\/coreconpe.gov.br\/transparencia\/concursos\/\" class=\"more-link\">Continue reading <span class=\"screen-reader-text\">Concursos<\/span><\/a><\/p>\n","protected":false},"author":1,"featured_media":0,"parent":0,"menu_order":0,"comment_status":"closed","ping_status":"closed","template":"","meta":{"om_disable_all_campaigns":false,"_monsterinsights_skip_tracking":false,"_monsterinsights_sitenote_active":false,"_monsterinsights_sitenote_note":"","_monsterinsights_sitenote_category":0,"footnotes":""},"class_list":["post-132","page","type-page","status-publish","hentry"],"aioseo_notices":[],"_links":{"self":[{"href":"https:\/\/coreconpe.gov.br\/transparencia\/wp-json\/wp\/v2\/pages\/132","targetHints":{"allow":["GET"]}}],"collection":[{"href":"https:\/\/coreconpe.gov.br\/transparencia\/wp-json\/wp\/v2\/pages"}],"about":[{"href":"https:\/\/coreconpe.gov.br\/transparencia\/wp-json\/wp\/v2\/types\/page"}],"author":[{"embeddable":true,"href":"https:\/\/coreconpe.gov.br\/transparencia\/wp-json\/wp\/v2\/users\/1"}],"replies":[{"embeddable":true,"href":"https:\/\/coreconpe.gov.br\/transparencia\/wp-json\/wp\/v2\/comments?post=132"}],"version-history":[{"count":16,"href":"https:\/\/coreconpe.gov.br\/transparencia\/wp-json\/wp\/v2\/pages\/132\/revisions"}],"predecessor-version":[{"id":2047,"href":"https:\/\/coreconpe.gov.br\/transparencia\/wp-json\/wp\/v2\/pages\/132\/revisions\/2047"}],"wp:attachment":[{"href":"https:\/\/coreconpe.gov.br\/transparencia\/wp-json\/wp\/v2\/media?parent=132"}],"curies":[{"name":"wp","href":"https:\/\/api.w.org\/{rel}","templated":true}]}}